{"id":301,"date":"2026-03-18T17:36:39","date_gmt":"2026-03-18T14:36:39","guid":{"rendered":"https:\/\/bienteknik.com\/?post_type=product&#038;p=301"},"modified":"2026-03-18T17:38:58","modified_gmt":"2026-03-18T14:38:58","slug":"50-cm-wallwasher-aydinlatma","status":"publish","type":"product","link":"https:\/\/bienteknik.com\/index.php\/product\/50-cm-wallwasher-aydinlatma\/","title":{"rendered":"50 cm Wallwasher Ayd\u0131nlatma"},"content":{"rendered":"<p>\u00dcr\u00fcnlerimiz SAMSUNG Led teknolojisi kullan\u0131larak makine dizgisi ile \u00fcretilmektedir.<\/p>\n","protected":false},"excerpt":{"rendered":"<ul>\n<li>50 cm<\/li>\n<li>18 watt<\/li>\n<li>IP 67 koruma<\/li>\n<li>Temperli Cam<\/li>\n<li>Al\u00fcminyum G\u00f6vde<\/li>\n<li>SAMSUNG Dizgi led<\/li>\n<\/ul>\n","protected":false},"featured_media":302,"comment_status":"open","ping_status":"closed","template":"","meta":[],"product_brand":[33],"product_cat":[37,32],"product_tag":[69,52],"class_list":{"0":"post-301","1":"product","2":"type-product","3":"status-publish","4":"has-post-thumbnail","6":"product_brand-samsung","7":"product_cat-siva-ustu-wallwasher","8":"product_cat-wallwasher-aydinlatma","9":"product_tag-cami-aydinlatma","10":"product_tag-wallwasher","12":"first","13":"instock","14":"sale","15":"taxable","16":"shipping-taxable","17":"purchasable","18":"product-type-simple"},"jetpack_sharing_enabled":true,"_links":{"self":[{"href":"https:\/\/bienteknik.com\/index.php\/wp-json\/wp\/v2\/product\/301","targetHints":{"allow":["GET"]}}],"collection":[{"href":"https:\/\/bienteknik.com\/index.php\/wp-json\/wp\/v2\/product"}],"about":[{"href":"https:\/\/bienteknik.com\/index.php\/wp-json\/wp\/v2\/types\/product"}],"replies":[{"embeddable":true,"href":"https:\/\/bienteknik.com\/index.php\/wp-json\/wp\/v2\/comments?post=301"}],"wp:featuredmedia":[{"embeddable":true,"href":"https:\/\/bienteknik.com\/index.php\/wp-json\/wp\/v2\/media\/302"}],"wp:attachment":[{"href":"https:\/\/bienteknik.com\/index.php\/wp-json\/wp\/v2\/media?parent=301"}],"wp:term":[{"taxonomy":"product_brand","embeddable":true,"href":"https:\/\/bienteknik.com\/index.php\/wp-json\/wp\/v2\/product_brand?post=301"},{"taxonomy":"product_cat","embeddable":true,"href":"https:\/\/bienteknik.com\/index.php\/wp-json\/wp\/v2\/product_cat?post=301"},{"taxonomy":"product_tag","embeddable":true,"href":"https:\/\/bienteknik.com\/index.php\/wp-json\/wp\/v2\/product_tag?post=301"}],"curies":[{"name":"wp","href":"https:\/\/api.w.org\/{rel}","templated":true}]}}