{"id":278,"date":"2026-03-05T17:43:57","date_gmt":"2026-03-05T14:43:57","guid":{"rendered":"https:\/\/bienteknik.com\/?post_type=product&#038;p=278"},"modified":"2026-03-18T17:25:03","modified_gmt":"2026-03-18T14:25:03","slug":"20-cm-wallwasher-aydinlatma","status":"publish","type":"product","link":"https:\/\/bienteknik.com\/index.php\/product\/20-cm-wallwasher-aydinlatma\/","title":{"rendered":"20 cm Wallwasher Ayd\u0131nlatma"},"content":{"rendered":"<p>D\u0131\u015f mekan cami ve minare ayd\u0131nlatma \u00fcr\u00fcnleri<\/p>\n","protected":false},"excerpt":{"rendered":"<ul>\n<li>20 cm<\/li>\n<li>6 Watt<\/li>\n<li>IP 67 koruma<\/li>\n<li>Temperli Cam<\/li>\n<li>Al\u00fcminyum G\u00f6vde<\/li>\n<li>SAMSUNG Dizgi led<\/li>\n<li>1 y\u0131l garantili<\/li>\n<\/ul>\n","protected":false},"featured_media":279,"comment_status":"open","ping_status":"closed","template":"","meta":[],"product_brand":[33],"product_cat":[37,32],"product_tag":[65,66],"class_list":{"0":"post-278","1":"product","2":"type-product","3":"status-publish","4":"has-post-thumbnail","6":"product_brand-samsung","7":"product_cat-siva-ustu-wallwasher","8":"product_cat-wallwasher-aydinlatma","9":"product_tag-camii-aydinlatma","10":"product_tag-dis-mekan-aydinlatma","12":"first","13":"instock","14":"sale","15":"taxable","16":"shipping-taxable","17":"purchasable","18":"product-type-simple"},"jetpack_sharing_enabled":true,"_links":{"self":[{"href":"https:\/\/bienteknik.com\/index.php\/wp-json\/wp\/v2\/product\/278","targetHints":{"allow":["GET"]}}],"collection":[{"href":"https:\/\/bienteknik.com\/index.php\/wp-json\/wp\/v2\/product"}],"about":[{"href":"https:\/\/bienteknik.com\/index.php\/wp-json\/wp\/v2\/types\/product"}],"replies":[{"embeddable":true,"href":"https:\/\/bienteknik.com\/index.php\/wp-json\/wp\/v2\/comments?post=278"}],"wp:featuredmedia":[{"embeddable":true,"href":"https:\/\/bienteknik.com\/index.php\/wp-json\/wp\/v2\/media\/279"}],"wp:attachment":[{"href":"https:\/\/bienteknik.com\/index.php\/wp-json\/wp\/v2\/media?parent=278"}],"wp:term":[{"taxonomy":"product_brand","embeddable":true,"href":"https:\/\/bienteknik.com\/index.php\/wp-json\/wp\/v2\/product_brand?post=278"},{"taxonomy":"product_cat","embeddable":true,"href":"https:\/\/bienteknik.com\/index.php\/wp-json\/wp\/v2\/product_cat?post=278"},{"taxonomy":"product_tag","embeddable":true,"href":"https:\/\/bienteknik.com\/index.php\/wp-json\/wp\/v2\/product_tag?post=278"}],"curies":[{"name":"wp","href":"https:\/\/api.w.org\/{rel}","templated":true}]}}