{"id":241,"date":"2026-03-04T21:03:24","date_gmt":"2026-03-04T18:03:24","guid":{"rendered":"https:\/\/bienteknik.com\/?post_type=product&#038;p=241"},"modified":"2026-03-05T17:35:47","modified_gmt":"2026-03-05T14:35:47","slug":"10-cm-wallwasher-aydinlatma","status":"publish","type":"product","link":"https:\/\/bienteknik.com\/index.php\/product\/10-cm-wallwasher-aydinlatma\/","title":{"rendered":"10 cm Wallwasher Ayd\u0131nlatma"},"content":{"rendered":"<p>Wallwasher Ayd\u0131nlatma \u00dcr\u00fcnleri<\/p>\n","protected":false},"excerpt":{"rendered":"<ul>\n<li>10 cm<\/li>\n<li>3 watt<\/li>\n<li>IP 67 koruma<\/li>\n<li>Temperli Cam<\/li>\n<li>Al\u00fcminyum G\u00f6vde<\/li>\n<li>SAMSUNG Dizgi led<\/li>\n<\/ul>\n","protected":false},"featured_media":277,"comment_status":"open","ping_status":"closed","template":"","meta":[],"product_brand":[33],"product_cat":[37,32],"product_tag":[54,52,53],"class_list":{"0":"post-241","1":"product","2":"type-product","3":"status-publish","4":"has-post-thumbnail","6":"product_brand-samsung","7":"product_cat-siva-ustu-wallwasher","8":"product_cat-wallwasher-aydinlatma","9":"product_tag-minare-aydinlatma","10":"product_tag-wallwasher","11":"product_tag-wallwasher-aydinlatma","13":"first","14":"instock","15":"sale","16":"taxable","17":"shipping-taxable","18":"purchasable","19":"product-type-simple"},"jetpack_sharing_enabled":true,"_links":{"self":[{"href":"https:\/\/bienteknik.com\/index.php\/wp-json\/wp\/v2\/product\/241","targetHints":{"allow":["GET"]}}],"collection":[{"href":"https:\/\/bienteknik.com\/index.php\/wp-json\/wp\/v2\/product"}],"about":[{"href":"https:\/\/bienteknik.com\/index.php\/wp-json\/wp\/v2\/types\/product"}],"replies":[{"embeddable":true,"href":"https:\/\/bienteknik.com\/index.php\/wp-json\/wp\/v2\/comments?post=241"}],"wp:featuredmedia":[{"embeddable":true,"href":"https:\/\/bienteknik.com\/index.php\/wp-json\/wp\/v2\/media\/277"}],"wp:attachment":[{"href":"https:\/\/bienteknik.com\/index.php\/wp-json\/wp\/v2\/media?parent=241"}],"wp:term":[{"taxonomy":"product_brand","embeddable":true,"href":"https:\/\/bienteknik.com\/index.php\/wp-json\/wp\/v2\/product_brand?post=241"},{"taxonomy":"product_cat","embeddable":true,"href":"https:\/\/bienteknik.com\/index.php\/wp-json\/wp\/v2\/product_cat?post=241"},{"taxonomy":"product_tag","embeddable":true,"href":"https:\/\/bienteknik.com\/index.php\/wp-json\/wp\/v2\/product_tag?post=241"}],"curies":[{"name":"wp","href":"https:\/\/api.w.org\/{rel}","templated":true}]}}